{"id":3362,"date":"2022-08-03T11:35:40","date_gmt":"2022-08-03T09:35:40","guid":{"rendered":"https:\/\/jednostki.uksw.edu.pl\/?page_id=2780"},"modified":"2023-01-23T11:44:29","modified_gmt":"2023-01-23T10:44:29","slug":"wspolpraca","status":"publish","type":"page","link":"https:\/\/mcdmm.uksw.edu.pl\/wspolpraca\/","title":{"rendered":"Wsp\u00f3\u0142praca"},"content":{"rendered":"\n<p>Centrum wsp\u00f3\u0142pracuje ze:<\/p>\n\n\n\n<ol class=\"wp-block-list\">\n<li><strong>Stowarzyszeniem &#8222;Integracja i Wsp\u00f3\u0142praca&#8221;<\/strong><br>Stowarzyszenie zosta\u0142o za\u0142o\u017cone w Toruniu (maj 2000 r.). Kontynuuje tradycje organizacji konferencji gospodarczych, zainicjowanych przez Stowarzyszenie FORUM POLSKA &#8211; ZACH\u00d3D, odbywaj\u0105cych si\u0119 w Mi\u0119dzyzdrojach w latach 1996 &#8211; 2000 r. Od 2001 r. spotkania ludzi gospodarki, polityki, nauki i kultury odbywaj\u0105 si\u0119 w Ciechocinku.<br>Kolejne edycje Forum Gospodarczego w Ciechocinku (2001, 2002, 2003, 2004, 2005, 2006 r.) zgromadzi\u0142y wielu wybitnych go\u015bci. W\u015br\u00f3d nich byli: Premierzy, Ministrowie Rz\u0105du, Prezesi Agencji Rz\u0105dowych oraz menad\u017cerowie du\u017cych sp\u00f3\u0142ek gie\u0142dowych, bank\u00f3w, liderzy samorz\u0105dowi, naukowcy.<br>Zar\u00f3wno w marcu 2005 r. jak i w kwietniu 2006 r. w naszej konferencji wzi\u0119\u0142o udzia\u0142 ok. 800 go\u015bci z kraju i zagranicy.<\/li>\n\n\n\n<li><strong>Stowarzyszeniem &#8222;Rolnicy Rolnikom&#8221;<\/strong><\/li>\n\n\n\n<li><strong>oddzia\u0142em warszawskim Zrzeszenia &#8222;Kaszubsko &#8211; Pomorskiego&#8221;<\/strong><\/li>\n\n\n\n<li><strong>&#8222;Ruchem Stowarzysze\u0144 Regionalnych RP&#8221;<\/strong><br>Og\u00f3lnopolski zwi\u0105zek stowarzysze\u0144 dzia\u0142aj\u0105cy od roku 2002. Kontynuuje idee by\u0142ej Rady Krajowej Regionalnych Towarzystw Kultury, powsta\u0142ej w roku 1981 jako niezale\u017cna reprezentacja regionalnych stowarzysze\u0144 kultury w Polsce.<br><br>G\u0142\u00f3wne cele Ruchu:\n<ul class=\"wp-block-list\">\n<li>rozwijanie idei regionalizmu w \u015bcis\u0142ym powi\u0105zaniu z kszta\u0142towaniem i utrwalaniem to\u017csamo\u015bci narodowej,<\/li>\n\n\n\n<li>wspomaganie dzia\u0142alno\u015bci stowarzysze\u0144 regionalnych oraz zwi\u0119kszanie ich roli w kreowaniu \u017cycia spo\u0142ecznego,<\/li>\n\n\n\n<li>szerzenie idei s\u0142u\u017cby spo\u0142ecznej na rzecz ochrony dziedzictwa narodowego.<\/li>\n<\/ul>\n<\/li>\n<\/ol>\n","protected":false},"excerpt":{"rendered":"<p>Centrum wsp\u00f3\u0142pracuje ze:<\/p>\n","protected":false},"author":7,"featured_media":4666,"parent":0,"menu_order":0,"comment_status":"closed","ping_status":"closed","template":"page-templates\/template-sub-page.php","meta":{"_acf_changed":false,"inline_featured_image":false,"footnotes":"","_links_to":"","_links_to_target":""},"class_list":["post-3362","page","type-page","status-publish","has-post-thumbnail","hentry"],"acf":[],"_links":{"self":[{"href":"https:\/\/mcdmm.uksw.edu.pl\/pl\/wp-json\/wp\/v2\/pages\/3362","targetHints":{"allow":["GET"]}}],"collection":[{"href":"https:\/\/mcdmm.uksw.edu.pl\/pl\/wp-json\/wp\/v2\/pages"}],"about":[{"href":"https:\/\/mcdmm.uksw.edu.pl\/pl\/wp-json\/wp\/v2\/types\/page"}],"author":[{"embeddable":true,"href":"https:\/\/mcdmm.uksw.edu.pl\/pl\/wp-json\/wp\/v2\/users\/7"}],"replies":[{"embeddable":true,"href":"https:\/\/mcdmm.uksw.edu.pl\/pl\/wp-json\/wp\/v2\/comments?post=3362"}],"version-history":[{"count":15,"href":"https:\/\/mcdmm.uksw.edu.pl\/pl\/wp-json\/wp\/v2\/pages\/3362\/revisions"}],"predecessor-version":[{"id":4682,"href":"https:\/\/mcdmm.uksw.edu.pl\/pl\/wp-json\/wp\/v2\/pages\/3362\/revisions\/4682"}],"wp:featuredmedia":[{"embeddable":true,"href":"https:\/\/mcdmm.uksw.edu.pl\/pl\/wp-json\/wp\/v2\/media\/4666"}],"wp:attachment":[{"href":"https:\/\/mcdmm.uksw.edu.pl\/pl\/wp-json\/wp\/v2\/media?parent=3362"}],"curies":[{"name":"wp","href":"https:\/\/api.w.org\/{rel}","templated":true}]}}